{"id":1622,"date":"2021-03-31T17:00:55","date_gmt":"2021-03-31T17:00:55","guid":{"rendered":"http:\/\/www.lsgradvocats.com\/?page_id=1622"},"modified":"2021-04-05T20:21:10","modified_gmt":"2021-04-05T20:21:10","slug":"politica-de-cookies","status":"publish","type":"page","link":"https:\/\/www.lsgradvocats.com\/es\/politica-de-cookies\/","title":{"rendered":"Pol\u00edtica de cookies"},"content":{"rendered":"<p>[vc_row][vc_column][vc_column_text]<\/p>\n<div class=\"cli_pg_page_contaner\">\n<h3>Titularidad<\/h3>\n<div>La p\u00e1gina web localizada en la URL: http:\/\/www.lsgradvocats.com\/ ( &#8220;WEB&#8221;), titularidad de Lleopart &amp; Serra, S.C Professional ( &#8220;LSGR&#8221;), con NIF J64876147, utiliza la tecnolog\u00eda denominada &#8220;cookies&#8221; o galletas.<div class=\"cli_user_consent_state\">Tu estado actual: No se ha dado el consentimiento. <a class=\"cli_manage_current_consent\" style=\"cursor:pointer;text-decoration:underline;\">Gestiona tu consentimiento.<\/a> <\/div><\/div>\n<h3>Definici\u00f3n y funci\u00f3n de las cookies<\/h3>\n<div>\n<p>Las cookies son peque\u00f1os archivos que se env\u00edan y almacenan en el disco duro del ordenador del usuario a trav\u00e9s de su navegador cuando se conecta a una web. Las cookies permiten a una p\u00e1gina web, entre otras cosas, almacenar y recuperar informaci\u00f3n sobre los h\u00e1bitos de navegaci\u00f3n de un usuario o de su equipo y, dependiendo de la informaci\u00f3n que contengan y de la forma en que utilice su equipo, se pueden utilizar para reconocer al usuario.<\/p>\n<\/div>\n<h3>Uso y finalidad de las cookies<\/h3>\n<div>\n<p>La p\u00e1gina web de LSGR (en adelante, la &#8220;WEB&#8221;) utiliza la tecnolog\u00eda denominada cookies (galletas) con el fin de permitir la comunicaci\u00f3n de forma adecuada entre el equipo del usuario y la red, y para permitir a la usuario acceder a los contenidos de la WEB.<\/p>\n<\/div>\n<h3>Cookies utilizadas en la web y protecci\u00f3n de datos personales<\/h3>\n<p>A trav\u00e9s de la WEB no se recogen datos de car\u00e1cter personal de los usuarios sin su consentimiento y, en su caso, los datos no se ceden a terceros. La WEB no utiliza cookies para recoger informaci\u00f3n de los usuarios, ni registra las direcciones IP de acceso.<\/p>\n<p>La WEB utiliza, \u00fanicamente, cookies propias, con finalidad t\u00e9cnica, y de sesi\u00f3n. Es decir, aquellas cookies que permiten al usuario la navegaci\u00f3n a trav\u00e9s de la WEB, la utilizaci\u00f3n de las diferentes opciones y pesta\u00f1as que existen en la WEB, para que el usuario pueda acceder a todos los contenidos publicados descar- los documentos.<\/p>\n<p>Las cookies utilizadas por la WEB son cookies para permitir la entrada del usuario (de sesi\u00f3n y entrada del usuario para rastrear las acciones del usuario y permitirle el acceso y navegaci\u00f3n correcta), para autenticaci\u00f3n o identificaci\u00f3n del usuario (s\u00f3lo de sesi\u00f3n), por seguridad, por sesi\u00f3n de reproductor multimedia, para equilibrar cargas o personalizaci\u00f3n de la interfaz de usuario.<\/p>\n<p>Estas cookies sirven para facilitarle al usuario la utilizaci\u00f3n de la WEB, para permitirle al usuario navegar correctamente para todas las pesta\u00f1as de la web, acceder a los contenidos (documentos, v\u00eddeos, podcasts). Tambi\u00e9n le permite al usuario acceder a los diferentes apartados y ver los contenidos que ofrece la WEB.<\/p>\n<p>A estos efectos, la WEB utiliza la informaci\u00f3n estad\u00edstica elaborada por el Proveedor de Servicios de Internet pero no obtiene datos personales a trav\u00e9s de las cookies antes mencionadas. Las cookies se eliminan cuando el usuario finaliza la sesi\u00f3n en la WEB.<\/p>\n<h3>Cookies de terceros<\/h3>\n<div>\n<p>La WEB puede contener enlaces a p\u00e1ginas web de terceros , en las que sus pol\u00edticas de privacidad y cookies son ajenas a las de LSGR. LSGR no ser\u00e1 responsable de la utilizaci\u00f3n y gesti\u00f3n de cookies que hagan los propietarios de otras p\u00e1ginas web. Si navega por internet usted miedo aceptar o rechazar las cookies de terceros desde las opciones de configuraci\u00f3n de su navegador.<\/p>\n<h3>Actualizaci\u00f3n y modificaci\u00f3n<\/h3>\n<p>LSGR puede modificar esta informaci\u00f3n sobre cookies de la WEB cuando sea necesario, por lo que le recomendamos revisar esta Pol\u00edtica de cookies de forma peri\u00f3dica. Sin embargo, cuando se produzcan cambios significativos en la Pol\u00edtica de Cookies, se lo comunicaremos mediante la WEB.<\/p>\n<\/div>\n<\/div>\n<p>[\/vc_column_text][\/vc_column][\/vc_row]<\/p>\n","protected":false},"excerpt":{"rendered":"<p>[vc_row][vc_column][vc_column_text] Titularidad La p\u00e1gina web localizada en la URL: http:\/\/www.lsgradvocats.com\/ ( &#8220;WEB&#8221;), titularidad de Lleopart &amp; Serra, S.C Professional ( &#8220;LSGR&#8221;), con NIF J64876147, utiliza la tecnolog\u00eda denominada &#8220;cookies&#8221; o galletas. Definici\u00f3n y funci\u00f3n de las cookies Las cookies son peque\u00f1os archivos que se env\u00edan y almacenan en el disco duro del ordenador del usuario a trav\u00e9s de su navegador&hellip;<\/p>\n","protected":false},"author":1,"featured_media":0,"parent":0,"menu_order":0,"comment_status":"closed","ping_status":"closed","template":"","meta":{"footnotes":""},"class_list":["post-1622","page","type-page","status-publish","hentry"],"_links":{"self":[{"href":"https:\/\/www.lsgradvocats.com\/es\/wp-json\/wp\/v2\/pages\/1622","targetHints":{"allow":["GET"]}}],"collection":[{"href":"https:\/\/www.lsgradvocats.com\/es\/wp-json\/wp\/v2\/pages"}],"about":[{"href":"https:\/\/www.lsgradvocats.com\/es\/wp-json\/wp\/v2\/types\/page"}],"author":[{"embeddable":true,"href":"https:\/\/www.lsgradvocats.com\/es\/wp-json\/wp\/v2\/users\/1"}],"replies":[{"embeddable":true,"href":"https:\/\/www.lsgradvocats.com\/es\/wp-json\/wp\/v2\/comments?post=1622"}],"version-history":[{"count":21,"href":"https:\/\/www.lsgradvocats.com\/es\/wp-json\/wp\/v2\/pages\/1622\/revisions"}],"predecessor-version":[{"id":1662,"href":"https:\/\/www.lsgradvocats.com\/es\/wp-json\/wp\/v2\/pages\/1622\/revisions\/1662"}],"wp:attachment":[{"href":"https:\/\/www.lsgradvocats.com\/es\/wp-json\/wp\/v2\/media?parent=1622"}],"curies":[{"name":"wp","href":"https:\/\/api.w.org\/{rel}","templated":true}]}}