{"id":64,"date":"2017-04-06T12:52:00","date_gmt":"2017-04-06T12:52:00","guid":{"rendered":"http:\/\/www.lsgradvocats.com\/?page_id=64"},"modified":"2021-04-11T14:23:55","modified_gmt":"2021-04-11T14:23:55","slug":"quienes-somos","status":"publish","type":"page","link":"https:\/\/www.lsgradvocats.com\/es\/quienes-somos\/","title":{"rendered":"Qui\u00e9nes somos"},"content":{"rendered":"<p>[vc_row][vc_column][vc_empty_space height=&#8221;11em&#8221; alter_height=&#8221;none&#8221; hide_on_mobile=&#8221;&#8221;]<div id=\"sc_background_1170004798_wrap\" class=\"sc_background_wrap\"><div id=\"sc_background_1170004798\"\n\t\t\tclass=\"sc_background sc_background_default\" style=\"color:#f8f8f8;top:0.54em;\">Somos<\/div><\/div><!-- \/.sc_background_wrap --><div id=\"sc_title_1004562832\"\n\t\tclass=\"sc_title color_style_default sc_title_default\"><h2 class=\"sc_item_title sc_title_title sc_align_left sc_item_title_style_default sc_item_title_tag\">Tu recurso legal personal, <br>construido sobre a\u00f1os de confianza.<\/h2><\/div><!-- \/.sc_title -->[vc_empty_space height=&#8221;1.3em&#8221; alter_height=&#8221;none&#8221; hide_on_mobile=&#8221;&#8221;][\/vc_column][\/vc_row][vc_row][vc_column width=&#8221;1\/2&#8243;][vc_column_text]<span class=\"trx_addons_dropcap trx_addons_dropcap_style_1\">N<\/span>uestro equipo de LSGR Advocats Asociados naci\u00f3 en 2008 con la idea de dar un servicio de abogac\u00eda directa, comprensible para nuestros clientes y en definitiva, eficaz. Un equipo de abogadas que lucha por los intereses de sus clientes sin perder el punto de vista humano.[\/vc_column_text][\/vc_column][vc_column width=&#8221;1\/2&#8243;][vc_column_text]Buscamos relaciones a largo plazo con nuestros clientes, dando un servicio integral aprovechando nuestra red de colaboradores. Los despachos de abogados del siglo XXI evolucionan y esta evoluci\u00f3n nos lleva a buscar equipos con capacidad profesional demostrada que nos pueden dar un soporte eficaz en las \u00e1reas que son ajenas a nuestra especializaci\u00f3n[\/vc_column_text][\/vc_column][\/vc_row][vc_row][vc_column][vc_empty_space height=&#8221;8em&#8221; alter_height=&#8221;none&#8221; hide_on_mobile=&#8221;&#8221;]<div  id=\"sc_promo_1407478963\" \n\tclass=\"sc_promo color_style_default sc_promo_default sc_promo_size_normal sc_promo_no_paddings sc_promo_image_position_left\"><div class=\"sc_promo_image\" style=\"background-color:#e12021;background-image:url(https:\/\/www.lsgradvocats.com\/wp-content\/uploads\/2021\/02\/pexels-cottonbro-4067759-scaled.jpg);width:75%;height:390px;left: 0;\"><\/div><div class=\"sc_promo_text\" style=\"width: 25%;float: right;\">\n\t\t\t<div class=\"sc_promo_text_inner sc_content_width_25%\" style=\" margin:16em 0 0 -20em;display: block;\"><h4 class=\"sc_item_title sc_promo_title sc_align_left sc_item_title_style_default sc_item_title_tag\">Sobre nosotras<\/h4><div class=\"sc_item_descr sc_promo_descr sc_align_left\"><p><span class=\"trx_addons_dropcap trx_addons_dropcap_style_1\">S<\/span>omos Marta y Judith, licenciadas en derecho por la Universidad de Barcelona y abogadas con m\u00e1s de 15 a\u00f1os de experiencia en la asesor\u00eda legal de proximidad. Representamos a nuestros clientes de una manera apasionada y eficaz, as\u00ed es como hemos conseguido una valiosa experiencia y confianza que queremos ofrecerte.<\/p>\n<\/div><\/div>\n\t\t<\/div><!-- \/.sc_promo_text --><\/div><!-- \/.sc_promo -->[\/vc_column][\/vc_row][vc_row][vc_column][vc_empty_space hide_on_mobile=&#8221;&#8221;]<div id=\"sc_background_1398106440_wrap\" class=\"sc_background_wrap\"><div id=\"sc_background_1398106440\"\n\t\t\tclass=\"sc_background sc_background_default\" style=\"color:#f8f8f8;top:0.48em;right:0px;left:0px;\">equipo<\/div><\/div><!-- \/.sc_background_wrap --><div class=\"sc_team color_style_default sc_team_default\"><h2 class=\"sc_item_title sc_team_title sc_align_center sc_item_title_style_default sc_item_title_tag\">Equipo<\/h2><h6 class=\"sc_item_subtitle sc_team_subtitle sc_align_center sc_item_title_style_default\">\t\t\t<a href=\"\/contactar\/\">Contactar<\/a>\t\n\t<\/h6><div class=\"sc_team_columns_wrap sc_item_columns trx_addons_columns_wrap columns_padding_bottom\"><div class=\"trx_addons_column-1_2\"><div class=\"sc_team_item\">\n\t<div class=\"post_featured with_thumb hover_view_more sc_team_item_thumb\"><img loading=\"lazy\" decoding=\"async\" width=\"132\" height=\"155\" src=\"https:\/\/www.lsgradvocats.com\/wp-content\/uploads\/2017\/04\/Judith-300x1157-1.jpg\" class=\"attachment-williamson-thumb-portrait size-williamson-thumb-portrait wp-post-image\" alt=\"Judith Serra\" \/><div class=\"mask\"><\/div><div class=\"view_more_hover\"><a href=\"https:\/\/www.lsgradvocats.com\/es\/equipo\/judith-serra\/\" aria-hidden=\"true\">View More<\/a><\/div><\/div>\t<div class=\"sc_team_item_info\">\n\t\t<div class=\"sc_team_item_header\">\n\t\t\t<h4 class=\"sc_team_item_title\"><a href=\"https:\/\/www.lsgradvocats.com\/es\/equipo\/judith-serra\/\">Judith Serra<\/a><\/h4>\n\t\t\t<div class=\"sc_team_item_subtitle\">Derecho Penal<\/div>\n\t\t<\/div>\n\t\t<div class=\"sc_team_item_content\"><p>Tel: <a href=\"tel:(+34) 670 75 80 38\">(+34) 670 75 80 38<\/a><br \/>\n<a href=\"jserra@lsgradvocats.com\">jserra@lsgradvocats.com<\/a><\/p>\n<\/div>\n\t\t<div class=\"sc_team_item_socials socials_wrap\"><\/div>\t\t<div class=\"sc_team_item_button\"><a href=\"https:\/\/www.lsgradvocats.com\/es\/equipo\/judith-serra\/\" class=\"sc_button sc_button_simple\">Learn more<\/a><\/div>\n\t<\/div>\n<\/div>\n<\/div><div class=\"trx_addons_column-1_2\"><div class=\"sc_team_item\">\n\t<div class=\"post_featured with_thumb hover_view_more sc_team_item_thumb\"><img loading=\"lazy\" decoding=\"async\" width=\"128\" height=\"150\" src=\"https:\/\/www.lsgradvocats.com\/wp-content\/uploads\/2021\/02\/Marta-e1612652838142-150x150-1.jpg\" class=\"attachment-williamson-thumb-portrait size-williamson-thumb-portrait wp-post-image\" alt=\"Marta Lleopart\" \/><div class=\"mask\"><\/div><div class=\"view_more_hover\"><a href=\"https:\/\/www.lsgradvocats.com\/es\/equipo\/marta-lleopart\/\" aria-hidden=\"true\">View More<\/a><\/div><\/div>\t<div class=\"sc_team_item_info\">\n\t\t<div class=\"sc_team_item_header\">\n\t\t\t<h4 class=\"sc_team_item_title\"><a href=\"https:\/\/www.lsgradvocats.com\/es\/equipo\/marta-lleopart\/\">Marta Lleopart<\/a><\/h4>\n\t\t\t<div class=\"sc_team_item_subtitle\">Derecho Administrativo<\/div>\n\t\t<\/div>\n\t\t<div class=\"sc_team_item_content\"><p>Tel: <a href=\"tel:(+34) 629 53 11 62\">(+34) 629 53 11 62<\/a><br \/>\n<a href=mlleopart@lsgradovcats.com\">mlleopart@lsgradvocats.com<\/a><\/p>\n<\/div>\n\t\t<div class=\"sc_team_item_socials socials_wrap\"><\/div>\t\t<div class=\"sc_team_item_button\"><a href=\"https:\/\/www.lsgradvocats.com\/es\/equipo\/marta-lleopart\/\" class=\"sc_button sc_button_simple\">Learn more<\/a><\/div>\n\t<\/div>\n<\/div>\n<\/div><\/div><\/div><!-- \/.sc_team -->[vc_empty_space hide_on_mobile=&#8221;&#8221;][vc_empty_space hide_on_mobile=&#8221;&#8221;][\/vc_column][\/vc_row][vc_row full_width=&#8221;stretch_row&#8221; css=&#8221;.vc_custom_1491830486482{background-color: #f8f8f8 !important;}&#8221;][vc_column][vc_row_inner][vc_column_inner width=&#8221;1\/2&#8243;]<div id=\"sc_title_496815\"\n\t\tclass=\"sc_title color_style_default sc_title_default\"><h4 class=\"sc_item_title sc_title_title sc_align_left sc_item_title_style_default sc_item_title_tag\">\u00bfy porqu\u00e9 trabajar con LSGR Abogados?<\/h4><\/div><!-- \/.sc_title -->[vc_column_text]<span class=\"trx_addons_dropcap trx_addons_dropcap_style_1\">D<\/span>urante m\u00e1s de 15 a\u00f1os, nuestro despacho de abogados ha mantenido su reputaci\u00f3n ofreciendo a nuestros clientes servicios legales profesionales. Resolvemos problemas legales y damos soporte en temas relacionados con derecho de familia, derecho penal, derecho civil y derecho administrativo.[\/vc_column_text][vc_empty_space height=&#8221;3em&#8221; alter_height=&#8221;none&#8221; hide_on_mobile=&#8221;&#8221;][\/vc_column_inner][vc_column_inner width=&#8221;1\/2&#8243;]<div id=\"sc_title_1515484774\"\n\t\tclass=\"sc_title color_style_default sc_title_default\"><h4 class=\"sc_item_title sc_title_title sc_align_left sc_item_title_style_default sc_item_title_tag\">Nuestros Puntos fuertes<\/h4><\/div><!-- \/.sc_title -->[vc_progress_bar values=&#8221;%5B%7B%22label%22%3A%22Derecho%20Penal%22%2C%22value%22%3A%2285%22%7D%2C%7B%22label%22%3A%22Derecho%20de%20Familia%22%2C%22value%22%3A%2290%22%7D%2C%7B%22label%22%3A%22Derecho%20Civil%22%2C%22value%22%3A%2270%22%7D%2C%7B%22label%22%3A%22Derecho%20Administrativo%22%2C%22value%22%3A%2274%22%7D%5D&#8221; bgcolor=&#8221;custom&#8221; narrow=&#8221;1&#8243; units=&#8221;%&#8221; custombgcolor=&#8221;#202125&#8243;][vc_empty_space height=&#8221;3em&#8221; alter_height=&#8221;none&#8221; hide_on_mobile=&#8221;&#8221;][\/vc_column_inner][\/vc_row_inner][vc_empty_space height=&#8221;4.1em&#8221; alter_height=&#8221;none&#8221; hide_on_mobile=&#8221;&#8221;][\/vc_column][\/vc_row][vc_row][vc_column width=&#8221;1\/12&#8243;][\/vc_column][vc_column width=&#8221;5\/6&#8243;][vc_empty_space height=&#8221;8.5em&#8221; alter_height=&#8221;none&#8221; hide_on_mobile=&#8221;&#8221;]<div id=\"sc_background_1806822044_wrap\" class=\"sc_background_wrap\"><div id=\"sc_background_1806822044\"\n\t\t\tclass=\"sc_background sc_background_default\" style=\"color:#f8f8f8;top:0.21em;right:0px;left:0px;\">04<\/div><\/div><!-- \/.sc_background_wrap --><div class=\"sc_testimonials color_style_default sc_testimonials_default\"><h3 class=\"sc_item_title sc_testimonials_title sc_align_left sc_item_title_style_default\">Qu\u00e9 dicen nuestros clientes<br> Sobre nosotras<\/h3><h6 class=\"sc_item_subtitle sc_testimonials_subtitle sc_align_left sc_item_title_style_default\">\t\t\t<a href=\"\/testimonials\/\">Testimonios<\/a>\t\n\t<\/h6><div class=\"sc_testimonials_slider sc_item_slider slider_swiper_outer slider_outer_controls slider_outer_controls_side slider_outer_nopagination slider_outer_one\">\n\t<div class=\"swiper-slider-container slider_swiper slider_noresize slider_controls slider_controls_side slider_nopagination slider_one\" data-slides-min-width=\"150\" data-pagination=\"bullets\">\n\t\t<div class=\"slides swiper-wrapper sc_item_columns_1\"><div class=\"swiper-slide\"><div class=\"sc_testimonials_item\">\n\t<div class=\"sc_testimonials_item_content\"><p>\u201cUn amigo me recomend\u00f3 LSGR Advocats cuando necesit\u00e9 un buen asesoramiento legal. Judith es una profesional cercana y con muchos recursos para obtener resultados justos y eficaces.\u201d<\/p>\n<\/div>\n\t<div class=\"sc_testimonials_item_author\">\n\t\t\t\t<div class=\"sc_testimonials_item_author_data\">\n\t\t\t<h4 class=\"sc_testimonials_item_author_title\">Javier S\u00e1nchez.<\/h4>\n\t\t\t<div class=\"sc_testimonials_item_author_subtitle\"><\/div>\n\t\t<\/div>\n\t<\/div>\n<\/div>\n<\/div><div class=\"swiper-slide\"><div class=\"sc_testimonials_item\">\n\t<div class=\"sc_testimonials_item_content\"><p>\u201cFue una experiencia muy satisfactoria para m\u00ed y para mi empresa. Muchas gracias a Marta por su ayuda y asistencia profesional en el asunto.\u201d<\/p>\n<\/div>\n\t<div class=\"sc_testimonials_item_author\">\n\t\t\t\t<div class=\"sc_testimonials_item_author_data\">\n\t\t\t<h4 class=\"sc_testimonials_item_author_title\">Anna Gil.<\/h4>\n\t\t\t<div class=\"sc_testimonials_item_author_subtitle\"><\/div>\n\t\t<\/div>\n\t<\/div>\n<\/div>\n<\/div><div class=\"swiper-slide\"><div class=\"sc_testimonials_item\">\n\t<div class=\"sc_testimonials_item_content\"><p>\u201cQuiero agradecer tanto a Marta como a Judith el llevar mi caso. Han sido de gran ayuda desde principio a fin. Son muy corteses y comprensivas.\u201d<\/p>\n<\/div>\n\t<div class=\"sc_testimonials_item_author\">\n\t\t\t\t<div class=\"sc_testimonials_item_author_data\">\n\t\t\t<h4 class=\"sc_testimonials_item_author_title\">\u00c9ric Madero.<\/h4>\n\t\t\t<div class=\"sc_testimonials_item_author_subtitle\"><\/div>\n\t\t<\/div>\n\t<\/div>\n<\/div>\n<\/div><\/div><div class=\"slider_controls_wrap\"><a class=\"slider_prev swiper-button-prev\" href=\"#\"><\/a><a class=\"slider_next swiper-button-next\" href=\"#\"><\/a><\/div><\/div><\/div><\/div><!-- \/.sc_testimonials -->[\/vc_column][vc_column width=&#8221;1\/12&#8243;][\/vc_column][\/vc_row][vc_row][vc_column width=&#8221;1\/12&#8243;][\/vc_column][vc_column width=&#8221;10\/12&#8243;][\/vc_column][vc_column width=&#8221;1\/12&#8243;][\/vc_column][\/vc_row][vc_row full_width=&#8221;stretch_row_content_no_spaces&#8221; scheme=&#8221;dark&#8221; css=&#8221;.vc_custom_1613326403424{margin-right: 0px !important;margin-left: 0px !important;background-image: url(http:\/\/www.lsgradvocats.com\/wp-content\/uploads\/2021\/02\/pexels-daria-shevtsova-1029796-scaled.jpg?id=1500) !important;background-position: center !important;background-repeat: no-repeat !important;background-size: cover !important;}&#8221;][vc_column][vc_empty_space height=&#8221;6.6em&#8221; alter_height=&#8221;none&#8221; hide_on_mobile=&#8221;&#8221;]<div id=\"sc_title_588893732\"\n\t\tclass=\"sc_title color_style_default sc_title_default\"><h3 class=\"sc_item_title sc_title_title sc_align_center sc_item_title_style_default\">Toda Nuestra experiencia y energ\u00eda trabajan para ti<\/h3><\/div><!-- \/.sc_title -->[vc_column_text]<\/p>\n<p style=\"text-align: center;\"><dfn>Consulta con nosotras cualquier duda legal\u00a0<\/dfn><\/p>\n<p>[\/vc_column_text][vc_empty_space height=&#8221;2.8em&#8221; alter_height=&#8221;none&#8221; hide_on_mobile=&#8221;&#8221;]<div class=\"sc_item_button sc_button_wrap sc_align_center\"><a href=\"\/contactar\/\" id=\"sc_button_371747872\" class=\"sc_button color_style_default sc_button_default sc_button_size_normal sc_button_icon_left\"><span class=\"sc_button_text\"><span class=\"sc_button_title\">Contactar<span class=\"trx_addons_icon-arrow\"><\/span><\/span><\/span><!-- \/.sc_button_text --><\/a><!-- \/.sc_button --><\/div><!-- \/.sc_item_button -->[vc_empty_space height=&#8221;6em&#8221; alter_height=&#8221;none&#8221; hide_on_mobile=&#8221;&#8221;][\/vc_column][\/vc_row]<\/p>\n","protected":false},"excerpt":{"rendered":"<p>[vc_row][vc_column][vc_empty_space height=&#8221;11em&#8221; alter_height=&#8221;none&#8221; hide_on_mobile=&#8221;&#8221;][vc_empty_space height=&#8221;1.3em&#8221; alter_height=&#8221;none&#8221; hide_on_mobile=&#8221;&#8221;][\/vc_column][\/vc_row][vc_row][vc_column width=&#8221;1\/2&#8243;][vc_column_text]Nuestro equipo de LSGR Advocats Asociados naci\u00f3 en 2008 con la idea de dar un servicio de abogac\u00eda directa, comprensible para nuestros clientes y en definitiva, eficaz. Un equipo de abogadas que lucha por los intereses de sus clientes sin perder el punto de vista humano.[\/vc_column_text][\/vc_column][vc_column width=&#8221;1\/2&#8243;][vc_column_text]Buscamos relaciones a largo plazo con nuestros&hellip;<\/p>\n","protected":false},"author":2,"featured_media":0,"parent":0,"menu_order":0,"comment_status":"closed","ping_status":"closed","template":"","meta":{"footnotes":""},"class_list":["post-64","page","type-page","status-publish","hentry"],"_links":{"self":[{"href":"https:\/\/www.lsgradvocats.com\/es\/wp-json\/wp\/v2\/pages\/64","targetHints":{"allow":["GET"]}}],"collection":[{"href":"https:\/\/www.lsgradvocats.com\/es\/wp-json\/wp\/v2\/pages"}],"about":[{"href":"https:\/\/www.lsgradvocats.com\/es\/wp-json\/wp\/v2\/types\/page"}],"author":[{"embeddable":true,"href":"https:\/\/www.lsgradvocats.com\/es\/wp-json\/wp\/v2\/users\/2"}],"replies":[{"embeddable":true,"href":"https:\/\/www.lsgradvocats.com\/es\/wp-json\/wp\/v2\/comments?post=64"}],"version-history":[{"count":16,"href":"https:\/\/www.lsgradvocats.com\/es\/wp-json\/wp\/v2\/pages\/64\/revisions"}],"predecessor-version":[{"id":1818,"href":"https:\/\/www.lsgradvocats.com\/es\/wp-json\/wp\/v2\/pages\/64\/revisions\/1818"}],"wp:attachment":[{"href":"https:\/\/www.lsgradvocats.com\/es\/wp-json\/wp\/v2\/media?parent=64"}],"curies":[{"name":"wp","href":"https:\/\/api.w.org\/{rel}","templated":true}]}}