{"id":66,"date":"2017-04-06T12:52:09","date_gmt":"2017-04-06T12:52:09","guid":{"rendered":"http:\/\/www.lsgradvocats.com\/?page_id=66"},"modified":"2021-03-15T18:58:00","modified_gmt":"2021-03-15T18:58:00","slug":"servicios","status":"publish","type":"page","link":"https:\/\/www.lsgradvocats.com\/es\/servicios\/","title":{"rendered":"Servicios"},"content":{"rendered":"<p>[vc_row][vc_column][vc_empty_space height=&#8221;2.2em&#8221; alter_height=&#8221;none&#8221; hide_on_mobile=&#8221;&#8221;]<div id=\"sc_background_505982225_wrap\" class=\"sc_background_wrap\"><div id=\"sc_background_505982225\"\n\t\t\tclass=\"sc_background sc_background_default\" style=\"color:#f8f8f8;top:0px;right:-50px;left:0px;\">Servicios<\/div><\/div><!-- \/.sc_background_wrap --><div id=\"sc_title_1274862634\"\n\t\tclass=\"sc_title color_style_default sc_title_default\"><h2 class=\"sc_item_title sc_title_title sc_align_left sc_item_title_style_default sc_item_title_tag\">Ofrecemos una amplia <br>gama de servicios legales<\/h2><\/div><!-- \/.sc_title -->[vc_empty_space height=&#8221;5.4em&#8221; alter_height=&#8221;none&#8221; hide_on_mobile=&#8221;&#8221;][\/vc_column][\/vc_row][vc_row][vc_column]<div  id=\"sc_promo_577907054\" \n\tclass=\"sc_promo color_style_default sc_promo_default sc_promo_size_normal sc_promo_no_paddings sc_promo_image_position_right\"><div class=\"sc_promo_image\" style=\"background-color:#e12021;background-image:url(https:\/\/www.lsgradvocats.com\/wp-content\/uploads\/2021\/02\/pexels-negative-space-33999-scaled.jpg);width:75%;height:390px;right: 0;\"><\/div><div class=\"sc_promo_text sc_float_left\" style=\"width: 25%;float: left;\">\n\t\t\t<div class=\"sc_promo_text_inner sc_content_width_25%\" style=\" margin:16em -20em 0 0;display: block;\"><h4 class=\"sc_item_title sc_promo_title sc_align_left sc_item_title_style_default sc_item_title_tag\">Consigue la ayuda que necesitas hoy<\/h4><div class=\"sc_item_descr sc_promo_descr sc_align_left\"><p><span class=\"trx_addons_dropcap trx_addons_dropcap_style_1\">S<\/span>i necesitas ayuda legal, tienes derechos y tienes opciones.  En LSGR Advoctas tenemos experiencia y habilidad  para trabajar en todos los aspectos de tu caso. \u00a1Ponemos nuestra experiencia y energ\u00eda a trabajar para ti!<\/p>\n<\/div><div class=\"sc_promo_content sc_item_content\"><div id=\"sc_background_161660550_wrap\" class=\"sc_background_wrap\"><div id=\"sc_background_161660550\"\n\t\t\tclass=\"sc_background sc_background_default\" style=\"color:#f8f8f8;right:0px;bottom:0.3em;\">01<\/div><\/div><!-- \/.sc_background_wrap --><\/div><\/div>\n\t\t<\/div><!-- \/.sc_promo_text --><\/div><!-- \/.sc_promo -->[vc_empty_space height=&#8221;7.1em&#8221; alter_height=&#8221;none&#8221; hide_on_mobile=&#8221;&#8221;][\/vc_column][\/vc_row][vc_row][vc_column]<div id=\"sc_background_571591376_wrap\" class=\"sc_background_wrap\"><div id=\"sc_background_571591376\"\n\t\t\tclass=\"sc_background sc_background_default\" style=\"color:#f8f8f8;top:-20px;right:0px;left:0px;\">02<\/div><\/div><!-- \/.sc_background_wrap --><div id=\"sc_services_1827439820\" class=\"sc_services color_style_default sc_services_default sc_services_featured_top\"><h3 class=\"sc_item_title sc_services_title sc_align_center sc_item_title_style_default\">Protegemos <br> tus Derechos y Libertades.<\/h3><div class=\"sc_services_columns_wrap sc_item_columns sc_item_columns_4 trx_addons_columns_wrap columns_padding_bottom\"><div class=\"trx_addons_column-1_4\"><div class=\"sc_services_item with_content with_number sc_services_item_featured_top\">\n\t<span class=\"sc_services_item_number\">01<\/span>\t\n\t<div class=\"sc_services_item_info\">\n\t\t<div class=\"sc_services_item_header\">\n\t\t\t<h4 class=\"sc_services_item_title\"><a href=\"https:\/\/www.lsgradvocats.com\/es\/services\/derecho-penal\/\">Derecho Penal<\/a><\/h4>\n\t\t\t<div class=\"sc_services_item_subtitle\"><\/div>\n\t\t<\/div>\n\t\t\t\t\t<div class=\"sc_services_item_content\"><p>Procedimientos judiciales penales, Asistencia al detenido, Impagos de pensiones, Juicios de faltas, Accidentes de circulaci\u00f3n<\/p>\n<\/div>\n\t\t\t<div class=\"sc_services_item_button sc_item_button\"><a href=\"https:\/\/www.lsgradvocats.com\/es\/services\/derecho-penal\/\" class=\"sc_button sc_button_simple\">Learn more<\/a><\/div>\n\t\t\t<\/div>\n<\/div>\n<\/div><div class=\"trx_addons_column-1_4\"><div class=\"sc_services_item with_content with_number sc_services_item_featured_top\">\n\t<span class=\"sc_services_item_number\">02<\/span>\t\n\t<div class=\"sc_services_item_info\">\n\t\t<div class=\"sc_services_item_header\">\n\t\t\t<h4 class=\"sc_services_item_title\"><a href=\"https:\/\/www.lsgradvocats.com\/es\/services\/derecho-urbanistico\/\">Derecho Urban\u00edstico<\/a><\/h4>\n\t\t\t<div class=\"sc_services_item_subtitle\"><\/div>\n\t\t<\/div>\n\t\t\t\t\t<div class=\"sc_services_item_content\"><p>Planeamiento urban\u00edstico general, Planes parciales, Licencias urban\u00edsticas, Fiscalidad inmobiliaria, Convenios urban\u00edsticos <\/p>\n<\/div>\n\t\t\t<div class=\"sc_services_item_button sc_item_button\"><a href=\"https:\/\/www.lsgradvocats.com\/es\/services\/derecho-urbanistico\/\" class=\"sc_button sc_button_simple\">Learn more<\/a><\/div>\n\t\t\t<\/div>\n<\/div>\n<\/div><div class=\"trx_addons_column-1_4\"><div class=\"sc_services_item with_content with_number sc_services_item_featured_top\">\n\t<span class=\"sc_services_item_number\">03<\/span>\t\n\t<div class=\"sc_services_item_info\">\n\t\t<div class=\"sc_services_item_header\">\n\t\t\t<h4 class=\"sc_services_item_title\"><a href=\"https:\/\/www.lsgradvocats.com\/es\/services\/derecho-familia\/\">Derecho de Familia<\/a><\/h4>\n\t\t\t<div class=\"sc_services_item_subtitle\"><\/div>\n\t\t<\/div>\n\t\t\t\t\t<div class=\"sc_services_item_content\"><p>Separaciones, divorcios y extinciones de parejas de hecho, Ejecuciones de resoluciones judiciales, Medidas relativas a menores<\/p>\n<\/div>\n\t\t\t<div class=\"sc_services_item_button sc_item_button\"><a href=\"https:\/\/www.lsgradvocats.com\/es\/services\/derecho-familia\/\" class=\"sc_button sc_button_simple\">Learn more<\/a><\/div>\n\t\t\t<\/div>\n<\/div>\n<\/div><div class=\"trx_addons_column-1_4\"><div class=\"sc_services_item with_content with_number sc_services_item_featured_top\">\n\t<span class=\"sc_services_item_number\">04<\/span>\t\n\t<div class=\"sc_services_item_info\">\n\t\t<div class=\"sc_services_item_header\">\n\t\t\t<h4 class=\"sc_services_item_title\"><a href=\"https:\/\/www.lsgradvocats.com\/es\/services\/derecho-administrativo\/\">Derecho Administrativo<\/a><\/h4>\n\t\t\t<div class=\"sc_services_item_subtitle\"><\/div>\n\t\t<\/div>\n\t\t\t\t\t<div class=\"sc_services_item_content\"><p>Expropiaciones urbanas y r\u00fasticas, Reclamaciones contra la administraci\u00f3n, Licencias de actividades, Licencias ambientales<\/p>\n<\/div>\n\t\t\t<div class=\"sc_services_item_button sc_item_button\"><a href=\"https:\/\/www.lsgradvocats.com\/es\/services\/derecho-administrativo\/\" class=\"sc_button sc_button_simple\">Learn more<\/a><\/div>\n\t\t\t<\/div>\n<\/div>\n<\/div><div class=\"trx_addons_column-1_4\"><div class=\"sc_services_item with_content with_number sc_services_item_featured_top\">\n\t<span class=\"sc_services_item_number\">05<\/span>\t\n\t<div class=\"sc_services_item_info\">\n\t\t<div class=\"sc_services_item_header\">\n\t\t\t<h4 class=\"sc_services_item_title\"><a href=\"https:\/\/www.lsgradvocats.com\/es\/services\/derecho-mercantil-concursal\/\">Derecho Mercantil<\/a><\/h4>\n\t\t\t<div class=\"sc_services_item_subtitle\"><\/div>\n\t\t<\/div>\n\t\t\t\t\t<div class=\"sc_services_item_content\"><p>Constituci\u00f3n de sociedades, Contrataci\u00f3n mercantil, Concurso de acreedores, Gesti\u00f3n de impagados y reclamaciones<\/p>\n<\/div>\n\t\t\t<div class=\"sc_services_item_button sc_item_button\"><a href=\"https:\/\/www.lsgradvocats.com\/es\/services\/derecho-mercantil-concursal\/\" class=\"sc_button sc_button_simple\">Learn more<\/a><\/div>\n\t\t\t<\/div>\n<\/div>\n<\/div><div class=\"trx_addons_column-1_4\"><div class=\"sc_services_item with_content with_number sc_services_item_featured_top\">\n\t<span class=\"sc_services_item_number\">06<\/span>\t\n\t<div class=\"sc_services_item_info\">\n\t\t<div class=\"sc_services_item_header\">\n\t\t\t<h4 class=\"sc_services_item_title\"><a href=\"https:\/\/www.lsgradvocats.com\/es\/services\/derecho-laboral\/\">Derecho Laboral<\/a><\/h4>\n\t\t\t<div class=\"sc_services_item_subtitle\"><\/div>\n\t\t<\/div>\n\t\t\t\t\t<div class=\"sc_services_item_content\"><p>Gesti\u00f3n laboral, Despidos, Inspecciones de trabajo, Prestaciones o subsidios de la Seguridad Social, Prevenci\u00f3n de riesgos<\/p>\n<\/div>\n\t\t\t<div class=\"sc_services_item_button sc_item_button\"><a href=\"https:\/\/www.lsgradvocats.com\/es\/services\/derecho-laboral\/\" class=\"sc_button sc_button_simple\">Learn more<\/a><\/div>\n\t\t\t<\/div>\n<\/div>\n<\/div><div class=\"trx_addons_column-1_4\"><div class=\"sc_services_item with_content with_number sc_services_item_featured_top\">\n\t<span class=\"sc_services_item_number\">07<\/span>\t\n\t<div class=\"sc_services_item_info\">\n\t\t<div class=\"sc_services_item_header\">\n\t\t\t<h4 class=\"sc_services_item_title\"><a href=\"https:\/\/www.lsgradvocats.com\/es\/services\/derecho-obligaciones\/\">Derecho de Obligaciones<\/a><\/h4>\n\t\t\t<div class=\"sc_services_item_subtitle\"><\/div>\n\t\t<\/div>\n\t\t\t\t\t<div class=\"sc_services_item_content\"><p>Arrendamiento y compraventa de fincas urbanas y r\u00fasticas, Desahucios, Comunidades, Procedimientos judiciales civiles<\/p>\n<\/div>\n\t\t\t<div class=\"sc_services_item_button sc_item_button\"><a href=\"https:\/\/www.lsgradvocats.com\/es\/services\/derecho-obligaciones\/\" class=\"sc_button sc_button_simple\">Learn more<\/a><\/div>\n\t\t\t<\/div>\n<\/div>\n<\/div><div class=\"trx_addons_column-1_4\"><div class=\"sc_services_item with_content with_number sc_services_item_featured_top\">\n\t<span class=\"sc_services_item_number\">08<\/span>\t\n\t<div class=\"sc_services_item_info\">\n\t\t<div class=\"sc_services_item_header\">\n\t\t\t<h4 class=\"sc_services_item_title\"><a href=\"https:\/\/www.lsgradvocats.com\/es\/services\/derecho-extranjeria\/\">Derecho de Extranjer\u00eda<\/a><\/h4>\n\t\t\t<div class=\"sc_services_item_subtitle\"><\/div>\n\t\t<\/div>\n\t\t\t\t\t<div class=\"sc_services_item_content\"><p>Permisos de trabajo y residencia, Nacionalidad, Permisos comunitarios<\/p>\n<\/div>\n\t\t\t<div class=\"sc_services_item_button sc_item_button\"><a href=\"https:\/\/www.lsgradvocats.com\/es\/services\/derecho-extranjeria\/\" class=\"sc_button sc_button_simple\">Learn more<\/a><\/div>\n\t\t\t<\/div>\n<\/div>\n<\/div><\/div><\/div><!-- \/.sc_services -->[\/vc_column][\/vc_row]<\/p>\n","protected":false},"excerpt":{"rendered":"<p>[vc_row][vc_column][vc_empty_space height=&#8221;2.2em&#8221; alter_height=&#8221;none&#8221; hide_on_mobile=&#8221;&#8221;][vc_empty_space height=&#8221;5.4em&#8221; alter_height=&#8221;none&#8221; hide_on_mobile=&#8221;&#8221;][\/vc_column][\/vc_row][vc_row][vc_column][vc_empty_space height=&#8221;7.1em&#8221; alter_height=&#8221;none&#8221; hide_on_mobile=&#8221;&#8221;][\/vc_column][\/vc_row][vc_row][vc_column][\/vc_column][\/vc_row]<\/p>\n","protected":false},"author":2,"featured_media":0,"parent":0,"menu_order":0,"comment_status":"closed","ping_status":"closed","template":"","meta":{"footnotes":""},"class_list":["post-66","page","type-page","status-publish","hentry"],"_links":{"self":[{"href":"https:\/\/www.lsgradvocats.com\/es\/wp-json\/wp\/v2\/pages\/66","targetHints":{"allow":["GET"]}}],"collection":[{"href":"https:\/\/www.lsgradvocats.com\/es\/wp-json\/wp\/v2\/pages"}],"about":[{"href":"https:\/\/www.lsgradvocats.com\/es\/wp-json\/wp\/v2\/types\/page"}],"author":[{"embeddable":true,"href":"https:\/\/www.lsgradvocats.com\/es\/wp-json\/wp\/v2\/users\/2"}],"replies":[{"embeddable":true,"href":"https:\/\/www.lsgradvocats.com\/es\/wp-json\/wp\/v2\/comments?post=66"}],"version-history":[{"count":10,"href":"https:\/\/www.lsgradvocats.com\/es\/wp-json\/wp\/v2\/pages\/66\/revisions"}],"predecessor-version":[{"id":1734,"href":"https:\/\/www.lsgradvocats.com\/es\/wp-json\/wp\/v2\/pages\/66\/revisions\/1734"}],"wp:attachment":[{"href":"https:\/\/www.lsgradvocats.com\/es\/wp-json\/wp\/v2\/media?parent=66"}],"curies":[{"name":"wp","href":"https:\/\/api.w.org\/{rel}","templated":true}]}}