{"id":68,"date":"2017-04-06T12:52:19","date_gmt":"2017-04-06T12:52:19","guid":{"rendered":"http:\/\/www.lsgradvocats.com\/?page_id=68"},"modified":"2021-04-11T14:06:05","modified_gmt":"2021-04-11T14:06:05","slug":"nosotras","status":"publish","type":"page","link":"https:\/\/www.lsgradvocats.com\/es\/nosotras\/","title":{"rendered":"Nosotras"},"content":{"rendered":"<p>[vc_row][vc_column][vc_empty_space height=&#8221;2.3em&#8221; alter_height=&#8221;none&#8221; hide_on_mobile=&#8221;&#8221;]<div id=\"sc_background_1910413165_wrap\" class=\"sc_background_wrap\"><div id=\"sc_background_1910413165\"\n\t\t\tclass=\"sc_background sc_background_default\" style=\"color:#f8f8f8;top:0px;\">Somos<\/div><\/div><!-- \/.sc_background_wrap --><div id=\"sc_title_979633693\"\n\t\tclass=\"sc_title color_style_default sc_title_default\"><h2 class=\"sc_item_title sc_title_title sc_align_left sc_item_title_style_default sc_item_title_tag\">Tu recurso legal personal, <br>construido sobre a\u00f1os de confianza.<\/h2><\/div><!-- \/.sc_title -->[vc_empty_space height=&#8221;1.3em&#8221; alter_height=&#8221;none&#8221; hide_on_mobile=&#8221;&#8221;][\/vc_column][\/vc_row][vc_row][vc_column width=&#8221;1\/2&#8243;][vc_column_text]<span class=\"trx_addons_dropcap trx_addons_dropcap_style_1\">N<\/span><\/p>\n<p style=\"background: white; vertical-align: baseline; margin: 0cm 0cm 21.6pt 0cm;\">uestro equipo de LSGR Advocats Asociados naci\u00f3 en 2008 con la idea de dar un servicio de abogac\u00eda directa, comprensible para nuestros clientes y en definitiva, eficaz. Un equipo de abogadas que lucha por los intereses de sus clientes sin perder el punto de vista humano.<\/p>\n<p>[\/vc_column_text][\/vc_column][vc_column width=&#8221;1\/2&#8243;][vc_column_text]Buscamos relaciones a largo plazo con nuestros clientes, dando un servicio integral aprovechando nuestra red de colaboradores. Los despachos de abogados del siglo XXI evolucionan y esta evoluci\u00f3n nos lleva a buscar equipos con capacidad profesional demostrada que nos pueden dar un soporte eficaz en las \u00e1reas que son ajenas a nuestra especializaci\u00f3n[\/vc_column_text][\/vc_column][\/vc_row][vc_row][vc_column][vc_empty_space height=&#8221;8em&#8221; alter_height=&#8221;none&#8221; hide_on_mobile=&#8221;&#8221;]<div  id=\"sc_promo_1447857755\" \n\tclass=\"sc_promo color_style_default sc_promo_default sc_promo_size_normal sc_promo_no_paddings sc_promo_image_position_right\"><div class=\"sc_promo_image\" style=\"background-color:#e12021;background-image:url(https:\/\/www.lsgradvocats.com\/wp-content\/uploads\/2021\/02\/pexels-cottonbro-4067759-scaled.jpg);width:75%;height:390px;right: 0;\"><\/div><div class=\"sc_promo_text sc_float_left\" style=\"width: 25%;float: left;\">\n\t\t\t<div class=\"sc_promo_text_inner sc_content_width_25%\" style=\" margin:16em -20em 0 0;display: block;\"><h4 class=\"sc_item_title sc_promo_title sc_align_left sc_item_title_style_default sc_item_title_tag\">SOBRE LSGR ADVOCATS Y NOSOTRAS<\/h4><div class=\"sc_item_descr sc_promo_descr sc_align_left\"><p><span class=\"trx_addons_dropcap trx_addons_dropcap_style_1\">S<\/span>omos Marta y Judith forman LSGR Advocats, licenciadas en derecho por la Universidad de Barcelona y abogadas con m\u00e1s de 15 a\u00f1os de experiencia en la asesor\u00eda legal de proximidad. Representamos a nuestros clientes de una manera apasionada y eficaz, as\u00ed es como hemos conseguido una valiosa experiencia y confianza que queremos ofrecerte.<\/p>\n<\/div><div class=\"sc_promo_content sc_item_content\"><div id=\"sc_background_529320358_wrap\" class=\"sc_background_wrap\"><div id=\"sc_background_529320358\"\n\t\t\tclass=\"sc_background sc_background_default\" style=\"color:#f8f8f8;right:0.2em;bottom:0.3em;\">01<\/div><\/div><!-- \/.sc_background_wrap --><\/div><\/div>\n\t\t<\/div><!-- \/.sc_promo_text --><\/div><!-- \/.sc_promo -->[vc_empty_space height=&#8221;3.7em&#8221; alter_height=&#8221;none&#8221; hide_on_mobile=&#8221;&#8221;][\/vc_column][\/vc_row][vc_row][vc_column]<div class=\"sc_team color_style_default sc_team_default\"><div class=\"sc_team_columns_wrap sc_item_columns trx_addons_columns_wrap columns_padding_bottom\"><div class=\"trx_addons_column-1_2\"><div class=\"sc_team_item\">\n\t<div class=\"post_featured with_thumb hover_view_more sc_team_item_thumb\"><img loading=\"lazy\" decoding=\"async\" width=\"132\" height=\"155\" src=\"https:\/\/www.lsgradvocats.com\/wp-content\/uploads\/2017\/04\/Judith-300x1157-1.jpg\" class=\"attachment-williamson-thumb-portrait size-williamson-thumb-portrait wp-post-image\" alt=\"Judith Serra\" \/><div class=\"mask\"><\/div><div class=\"view_more_hover\"><a href=\"https:\/\/www.lsgradvocats.com\/es\/equipo\/judith-serra\/\" aria-hidden=\"true\">View More<\/a><\/div><\/div>\t<div class=\"sc_team_item_info\">\n\t\t<div class=\"sc_team_item_header\">\n\t\t\t<h4 class=\"sc_team_item_title\"><a href=\"https:\/\/www.lsgradvocats.com\/es\/equipo\/judith-serra\/\">Judith Serra<\/a><\/h4>\n\t\t\t<div class=\"sc_team_item_subtitle\">Derecho Penal<\/div>\n\t\t<\/div>\n\t\t<div class=\"sc_team_item_content\"><p>Tel: <a href=\"tel:(+34) 670 75 80 38\">(+34) 670 75 80 38<\/a><br \/>\n<a href=\"jserra@lsgradvocats.com\">jserra@lsgradvocats.com<\/a><\/p>\n<\/div>\n\t\t<div class=\"sc_team_item_socials socials_wrap\"><\/div>\t\t<div class=\"sc_team_item_button\"><a href=\"https:\/\/www.lsgradvocats.com\/es\/equipo\/judith-serra\/\" class=\"sc_button sc_button_simple\">Learn more<\/a><\/div>\n\t<\/div>\n<\/div>\n<\/div><div class=\"trx_addons_column-1_2\"><div class=\"sc_team_item\">\n\t<div class=\"post_featured with_thumb hover_view_more sc_team_item_thumb\"><img loading=\"lazy\" decoding=\"async\" width=\"132\" height=\"155\" src=\"https:\/\/www.lsgradvocats.com\/wp-content\/uploads\/2017\/04\/Judith-300x1157-1.jpg\" class=\"attachment-williamson-thumb-portrait size-williamson-thumb-portrait wp-post-image\" alt=\"Judith Serra\" \/><div class=\"mask\"><\/div><div class=\"view_more_hover\"><a href=\"https:\/\/www.lsgradvocats.com\/equipo\/judith-serra\/\" aria-hidden=\"true\">View More<\/a><\/div><\/div>\t<div class=\"sc_team_item_info\">\n\t\t<div class=\"sc_team_item_header\">\n\t\t\t<h4 class=\"sc_team_item_title\"><a href=\"https:\/\/www.lsgradvocats.com\/equipo\/judith-serra\/\">Judith Serra<\/a><\/h4>\n\t\t\t<div class=\"sc_team_item_subtitle\">Dret Penal<\/div>\n\t\t<\/div>\n\t\t<div class=\"sc_team_item_content\"><p>Tel: <a href=\"tel:(+34) 670 75 80 38\">(+34) 670 75 80 38<\/a><br \/>\n<a href=\"jserra@lsgradvocats.com\">jserra@lsgradvocats.com<\/a><\/p>\n<\/div>\n\t\t<div class=\"sc_team_item_socials socials_wrap\"><\/div>\t\t<div class=\"sc_team_item_button\"><a href=\"https:\/\/www.lsgradvocats.com\/equipo\/judith-serra\/\" class=\"sc_button sc_button_simple\">Learn more<\/a><\/div>\n\t<\/div>\n<\/div>\n<\/div><\/div><\/div><!-- \/.sc_team -->[\/vc_column][\/vc_row][vc_row][vc_column width=&#8221;1\/12&#8243;][\/vc_column][vc_column width=&#8221;5\/6&#8243;][vc_empty_space height=&#8221;12.3em&#8221; alter_height=&#8221;none&#8221; hide_on_mobile=&#8221;&#8221;]<div id=\"sc_background_2047726005_wrap\" class=\"sc_background_wrap\"><div id=\"sc_background_2047726005\"\n\t\t\tclass=\"sc_background sc_background_default\" style=\"color:#f8f8f8;top:0.68em;right:0px;left:0px;\">02<\/div><\/div><!-- \/.sc_background_wrap --><div class=\"sc_testimonials color_style_default sc_testimonials_default\"><h3 class=\"sc_item_title sc_testimonials_title sc_align_left sc_item_title_style_default\">Qu\u00e9 dicen nestros clientes<br> sobre nosotras<\/h3><h6 class=\"sc_item_subtitle sc_testimonials_subtitle sc_align_left sc_item_title_style_default\">\t\t\t<a href=\"\/testimonials\/\">All testimonials<\/a>\t\n\t<\/h6><div class=\"sc_testimonials_slider sc_item_slider slider_swiper_outer slider_outer_controls slider_outer_controls_side slider_outer_nopagination slider_outer_one\">\n\t<div class=\"swiper-slider-container slider_swiper slider_noresize slider_controls slider_controls_side slider_nopagination slider_one\" data-slides-min-width=\"150\" data-pagination=\"bullets\">\n\t\t<div class=\"slides swiper-wrapper sc_item_columns_1\"><div class=\"swiper-slide\"><div class=\"sc_testimonials_item\">\n\t<div class=\"sc_testimonials_item_content\"><p>&#8220;Un amic em va recomanar LSGR Advocats quan vaig necessitar un bon assessorament legal. Judith \u00e9s una professional propera i amb molts recursos per obtenir resultats justos i efica\u00e7os.&#8221;<\/p>\n<\/div>\n\t<div class=\"sc_testimonials_item_author\">\n\t\t\t\t<div class=\"sc_testimonials_item_author_data\">\n\t\t\t<h4 class=\"sc_testimonials_item_author_title\">Javier S\u00e1nchez.<\/h4>\n\t\t\t<div class=\"sc_testimonials_item_author_subtitle\"><\/div>\n\t\t<\/div>\n\t<\/div>\n<\/div>\n<\/div><div class=\"swiper-slide\"><div class=\"sc_testimonials_item\">\n\t<div class=\"sc_testimonials_item_content\"><p>\u201cUn amigo me recomend\u00f3 LSGR Advocats cuando necesit\u00e9 un buen asesoramiento legal. Judith es una profesional cercana y con muchos recursos para obtener resultados justos y eficaces.\u201d<\/p>\n<\/div>\n\t<div class=\"sc_testimonials_item_author\">\n\t\t\t\t<div class=\"sc_testimonials_item_author_data\">\n\t\t\t<h4 class=\"sc_testimonials_item_author_title\">Javier S\u00e1nchez.<\/h4>\n\t\t\t<div class=\"sc_testimonials_item_author_subtitle\"><\/div>\n\t\t<\/div>\n\t<\/div>\n<\/div>\n<\/div><div class=\"swiper-slide\"><div class=\"sc_testimonials_item\">\n\t<div class=\"sc_testimonials_item_content\"><p>\u201cVa ser una experi\u00e8ncia molt satisfact\u00f2ria per a mi i per a la meva empresa. Moltes gr\u00e0cies a la Marta per la seva ajuda i assist\u00e8ncia professional en l&#8217;assumpte.\u201d<\/p>\n<\/div>\n\t<div class=\"sc_testimonials_item_author\">\n\t\t\t\t<div class=\"sc_testimonials_item_author_data\">\n\t\t\t<h4 class=\"sc_testimonials_item_author_title\">Anna Gil.<\/h4>\n\t\t\t<div class=\"sc_testimonials_item_author_subtitle\"><\/div>\n\t\t<\/div>\n\t<\/div>\n<\/div>\n<\/div><\/div><div class=\"slider_controls_wrap\"><a class=\"slider_prev swiper-button-prev\" href=\"#\"><\/a><a class=\"slider_next swiper-button-next\" href=\"#\"><\/a><\/div><\/div><\/div><\/div><!-- \/.sc_testimonials -->[\/vc_column][vc_column width=&#8221;1\/12&#8243;][\/vc_column][\/vc_row]<\/p>\n","protected":false},"excerpt":{"rendered":"<p>[vc_row][vc_column][vc_empty_space height=&#8221;2.3em&#8221; alter_height=&#8221;none&#8221; hide_on_mobile=&#8221;&#8221;][vc_empty_space height=&#8221;1.3em&#8221; alter_height=&#8221;none&#8221; hide_on_mobile=&#8221;&#8221;][\/vc_column][\/vc_row][vc_row][vc_column width=&#8221;1\/2&#8243;][vc_column_text]N uestro equipo de LSGR Advocats Asociados naci\u00f3 en 2008 con la idea de dar un servicio de abogac\u00eda directa, comprensible para nuestros clientes y en definitiva, eficaz. Un equipo de abogadas que lucha por los intereses de sus clientes sin perder el punto de vista humano. [\/vc_column_text][\/vc_column][vc_column width=&#8221;1\/2&#8243;][vc_column_text]Buscamos relaciones a largo plazo&hellip;<\/p>\n","protected":false},"author":2,"featured_media":0,"parent":0,"menu_order":0,"comment_status":"closed","ping_status":"closed","template":"","meta":{"footnotes":""},"class_list":["post-68","page","type-page","status-publish","hentry"],"_links":{"self":[{"href":"https:\/\/www.lsgradvocats.com\/es\/wp-json\/wp\/v2\/pages\/68","targetHints":{"allow":["GET"]}}],"collection":[{"href":"https:\/\/www.lsgradvocats.com\/es\/wp-json\/wp\/v2\/pages"}],"about":[{"href":"https:\/\/www.lsgradvocats.com\/es\/wp-json\/wp\/v2\/types\/page"}],"author":[{"embeddable":true,"href":"https:\/\/www.lsgradvocats.com\/es\/wp-json\/wp\/v2\/users\/2"}],"replies":[{"embeddable":true,"href":"https:\/\/www.lsgradvocats.com\/es\/wp-json\/wp\/v2\/comments?post=68"}],"version-history":[{"count":7,"href":"https:\/\/www.lsgradvocats.com\/es\/wp-json\/wp\/v2\/pages\/68\/revisions"}],"predecessor-version":[{"id":1813,"href":"https:\/\/www.lsgradvocats.com\/es\/wp-json\/wp\/v2\/pages\/68\/revisions\/1813"}],"wp:attachment":[{"href":"https:\/\/www.lsgradvocats.com\/es\/wp-json\/wp\/v2\/media?parent=68"}],"curies":[{"name":"wp","href":"https:\/\/api.w.org\/{rel}","templated":true}]}}